{"id":964,"date":"2025-06-22T15:57:50","date_gmt":"2025-06-22T15:57:50","guid":{"rendered":"https:\/\/lco-cdo.thedev.ca\/notre-travail\/"},"modified":"2026-04-01T18:33:03","modified_gmt":"2026-04-01T18:33:03","slug":"notre-travail","status":"publish","type":"page","link":"https:\/\/lco-cdo.org\/fr\/notre-travail\/","title":{"rendered":"Notre travail"},"content":{"rendered":"\n<div class=\"wp-block-group alignwide has-contrast-background-color has-background has-global-padding is-content-justification-center is-layout-constrained wp-container-core-group-is-layout-7b67e3b8 wp-block-group-is-layout-constrained\" style=\"border-radius:8px;border-bottom-color:#2660A4;border-bottom-width:2px;min-height:300px;margin-top:0;margin-bottom:var(--wp--preset--spacing--small);padding-top:var(--wp--preset--spacing--large);padding-right:var(--wp--preset--spacing--small);padding-bottom:var(--wp--preset--spacing--large);padding-left:var(--wp--preset--spacing--small)\">\n<div class=\"wp-block-group has-global-padding is-layout-constrained wp-block-group-is-layout-constrained\">\n<div class=\"wp-block-columns is-layout-flex wp-container-core-columns-is-layout-28f84493 wp-block-columns-is-layout-flex\">\n<div class=\"wp-block-column is-vertically-aligned-center is-layout-flow wp-block-column-is-layout-flow\">\n<h1 class=\"wp-block-heading has-text-align-center has-base-color has-text-color has-link-color has-max-60-font-size wp-elements-483eeec4719d4cae774f0b5662dd6406\">Comment nous faisons \u00e9voluer le droit<\/h1>\n\n\n\n<p class=\"has-text-align-center has-base-color has-text-color has-link-color has-large-font-size wp-elements-9f5bc83ff488cd00f0e59e230b4ebae5\">D\u00e9couvrez les principes, les partenaires et les strat\u00e9gies qui orientent notre travail<\/p>\n<\/div>\n<\/div>\n<\/div>\n<\/div>\n\n\n\n<div class=\"wp-block-group alignfull has-global-padding is-layout-constrained wp-container-core-group-is-layout-c535250c wp-block-group-is-layout-constrained\" style=\"margin-top:0;padding-top:var(--wp--preset--spacing--x-small);padding-right:0px;padding-bottom:var(--wp--preset--spacing--x-small);padding-left:0px\">\n<h2 class=\"wp-block-heading\">\u00c0 propos de la CDO<\/h2>\n\n\n\n<p>La CDO fournit des conseils \u00e9quilibr\u00e9s et faisant autorit\u00e9 sur d\u2019importantes questions de r\u00e9forme du droit. Nos rapports sont fond\u00e9s sur des principes, pratiques et tourn\u00e9s vers l\u2019avenir. La CDO favorise l\u2019acc\u00e8s \u00e0 la justice, l\u2019int\u00e9r\u00eat public, la primaut\u00e9 du droit ainsi qu\u2019un syst\u00e8me de justice \u00e9quitable et moderne.<\/p>\n\n\n\n<p>Les projets de la CDO portent sur des enjeux juridiques syst\u00e9miques qui touchent les personnes, les collectivit\u00e9s et les institutions partout dans la province. Plusieurs projets de la CDO examinent les lois existantes afin de s\u2019assurer qu\u2019elles sont modernes, efficaces et justes. D\u2019autres projets anticipent des enjeux \u00e9mergents importants et y r\u00e9pondent, notamment les technologies en \u00e9volution et les d\u00e9fis \u00e0 la primaut\u00e9 du droit.<\/p>\n\n\n\n<p>La CDO produit des recherches ind\u00e9pendantes et de grande qualit\u00e9 sur des questions juridiques complexes et souvent controvers\u00e9es. Notre travail est impartial, transparent, fond\u00e9 sur des donn\u00e9es probantes et interdisciplinaire. La participation et l\u2019\u00e9ducation du public sont au c\u0153ur de notre travail.<\/p>\n\n\n\n<p style=\"padding-top:0;padding-bottom:var(--wp--preset--spacing--small)\">La cr\u00e9dibilit\u00e9 et l\u2019influence de la CDO reposent sur des collaborations avec des personnes, des collectivit\u00e9s et des organisations partout en Ontario. Nous travaillons avec des professionnels et des organismes du milieu juridique, des ONG, des universitaires, des gouvernements et des membres du public afin d\u2019am\u00e9liorer les lois de l\u2019Ontario.<\/p>\n<\/div>\n\n\n\n<div class=\"wp-block-kadence-spacer aligncenter kt-block-spacer-964_23509a-53\"><div class=\"kt-block-spacer kt-block-spacer-halign-center\"><hr class=\"kt-divider\"\/><\/div><\/div>\n\n\n\n<div class=\"wp-block-group alignfull welcome has-global-padding is-layout-constrained wp-container-core-group-is-layout-d039f41c wp-block-group-is-layout-constrained\" style=\"margin-top:0px;padding-top:70px;padding-right:0px;padding-bottom:var(--wp--preset--spacing--x-small);padding-left:0px\">\n<h2 class=\"wp-block-heading\">Nos bailleurs de fonds<\/h2>\n\n\n\n<p style=\"margin-top:var(--wp--preset--spacing--x-small)\">La Commission du droit de l\u2019Ontario est financ\u00e9e par la <a href=\"http:\/\/lawfoundation.on.ca\/fr\/\">Fondation du droit de l\u2019Ontario<\/a>, le <a href=\"https:\/\/www.lso.ca\/accueil\">Barreau de l\u2019Ontario<\/a> et la <a href=\"http:\/\/www.osgoode.yorku.ca\">facult\u00e9 de droit Osgoode Hall<\/a>. La CDO re\u00e7oit \u00e9galement un soutien en nature important de la facult\u00e9 de droit Osgoode Hall et de l\u2019Universit\u00e9 York.<\/p>\n<\/div>\n\n\n\n<div class=\"wp-block-group alignfull welcome has-global-padding is-layout-constrained wp-container-core-group-is-layout-5c86b1d5 wp-block-group-is-layout-constrained\" style=\"margin-top:0px;padding-top:0px;padding-right:0px;padding-bottom:var(--wp--preset--spacing--medium);padding-left:0px\">\n<figure class=\"wp-block-gallery has-nested-images columns-default wp-block-gallery-1 is-layout-flex wp-block-gallery-is-layout-flex\" style=\"border-style:none;border-width:0px\">\n<figure class=\"wp-block-image size-medium\" style=\"margin-top:0;margin-bottom:0\"><img loading=\"lazy\" decoding=\"async\" width=\"300\" height=\"155\" data-id=\"151\" src=\"https:\/\/lco-cdo.org\/wp-content\/uploads\/2025\/06\/LFO_E_Colour_Tag-800x412-1-300x155.jpg\" alt=\"\" class=\"wp-image-151\" srcset=\"https:\/\/lco-cdo.org\/wp-content\/uploads\/2025\/06\/LFO_E_Colour_Tag-800x412-1-300x155.jpg 300w, https:\/\/lco-cdo.org\/wp-content\/uploads\/2025\/06\/LFO_E_Colour_Tag-800x412-1-768x396.jpg 768w, https:\/\/lco-cdo.org\/wp-content\/uploads\/2025\/06\/LFO_E_Colour_Tag-800x412-1.jpg 800w\" sizes=\"auto, (max-width: 300px) 100vw, 300px\" \/><\/figure>\n\n\n\n<figure class=\"wp-block-image size-medium\"><img loading=\"lazy\" decoding=\"async\" width=\"300\" height=\"56\" data-id=\"152\" src=\"https:\/\/lco-cdo.org\/wp-content\/uploads\/2025\/06\/LSO_Logo_Colour-800x150-1-300x56.png\" alt=\"\" class=\"wp-image-152\" srcset=\"https:\/\/lco-cdo.org\/wp-content\/uploads\/2025\/06\/LSO_Logo_Colour-800x150-1-300x56.png 300w, https:\/\/lco-cdo.org\/wp-content\/uploads\/2025\/06\/LSO_Logo_Colour-800x150-1-768x144.png 768w, https:\/\/lco-cdo.org\/wp-content\/uploads\/2025\/06\/LSO_Logo_Colour-800x150-1.png 800w\" sizes=\"auto, (max-width: 300px) 100vw, 300px\" \/><\/figure>\n\n\n\n<figure class=\"wp-block-image size-medium\"><img loading=\"lazy\" decoding=\"async\" width=\"300\" height=\"34\" data-id=\"153\" src=\"https:\/\/lco-cdo.org\/wp-content\/uploads\/2025\/06\/2020-OSG_yu_DIGITAL_hor_RGB-800x91-1-300x34.png\" alt=\"\" class=\"wp-image-153\" srcset=\"https:\/\/lco-cdo.org\/wp-content\/uploads\/2025\/06\/2020-OSG_yu_DIGITAL_hor_RGB-800x91-1-300x34.png 300w, https:\/\/lco-cdo.org\/wp-content\/uploads\/2025\/06\/2020-OSG_yu_DIGITAL_hor_RGB-800x91-1-768x87.png 768w, https:\/\/lco-cdo.org\/wp-content\/uploads\/2025\/06\/2020-OSG_yu_DIGITAL_hor_RGB-800x91-1.png 800w\" sizes=\"auto, (max-width: 300px) 100vw, 300px\" \/><\/figure>\n<\/figure>\n<\/div>\n\n\n\n<div class=\"wp-block-kadence-spacer aligncenter kt-block-spacer-964_45454d-7e\"><div class=\"kt-block-spacer kt-block-spacer-halign-center\"><hr class=\"kt-divider\"\/><\/div><\/div>\n\n\n\n<div class=\"wp-block-group alignfull has-global-padding is-layout-constrained wp-container-core-group-is-layout-9946a89b wp-block-group-is-layout-constrained\" style=\"margin-top:0;padding-top:var(--wp--preset--spacing--x-large);padding-right:0px;padding-bottom:var(--wp--preset--spacing--x-large);padding-left:0px\">\n<h2 class=\"wp-block-heading has-link-color wp-elements-32fde3461839a01c2538ffb0ffb0fec0\">Documents constitutifs<\/h2>\n\n\n\n<p>Voici nos documents et politiques de gouvernance actuels&nbsp;:<\/p>\n\n\n\n<ul class=\"wp-block-list\">\n<li style=\"padding-bottom:var(--wp--preset--spacing--x-small)\"><a href=\"https:\/\/lco-cdo.org\/wp-content\/uploads\/LCO-2026-2028-Strategic-Plan-Final-FR.pdf\"><strong>Plan strat\u00e9gique 2026-2028<\/strong><\/a><br>Notre mandat et nos priorit\u00e9s actuels.<\/li>\n\n\n\n<li style=\"padding-bottom:var(--wp--preset--spacing--x-small)\"><strong><a href=\"https:\/\/lco-cdo.org\/wp-content\/uploads\/2025\/11\/LCO-2023-Governance-Agreement-Signed-Nov-2023-.pdf\">Accord de fondation<\/a><\/strong> <em>(Disponible en anglais seulement.)<\/em><br>Ce document \u00e9tablit la CDO et est sign\u00e9 par nos bailleurs de fonds et nos sympathisants.<\/li>\n\n\n\n<li style=\"padding-bottom:var(--wp--preset--spacing--x-small)\"><strong><a href=\"https:\/\/lco-cdo.org\/wp-content\/uploads\/LCO-Good-Governance-Policy-French.pdf\" title=\"\">Politiques de gouvernance interne<\/a><\/strong><br>Nos politiques sur les pratiques de gouvernance pour le Conseil des gouverneurs de la CDO.<\/li>\n\n\n\n<li style=\"padding-bottom:var(--wp--preset--spacing--x-small)\"><strong><a href=\"https:\/\/lco-cdo.org\/wp-content\/uploads\/Copyright-Attribution-Policy_french.pdf\">Ligne directrice sur les droits d\u2019auteur et l\u2019attribution<\/a><\/strong><br>Cette politique s\u2019applique \u00e0 toutes les recherches, articles, publications et autres documents cr\u00e9\u00e9s pour la CDO par toutes les personnes r\u00e9mun\u00e9r\u00e9es ou non.<\/li>\n\n\n\n<li style=\"padding-bottom:var(--wp--preset--spacing--x-small)\"><strong><a href=\"https:\/\/lco-cdo.org\/wp-content\/uploads\/LCO-Accessibility-Policy_French.pdf\">Politique d\u2019accessibilit\u00e9<\/a><\/strong><br>Cette politique refl\u00e8te l\u2019engagement de la CDO \u00e0 assurer l\u2019accessibilit\u00e9 aux membres du public qui participent aux activit\u00e9s de la CDO.<\/li>\n\n\n\n<li style=\"padding-bottom:var(--wp--preset--spacing--x-small)\"><strong><a href=\"https:\/\/lco-cdo.org\/wp-content\/uploads\/LCO-privacy-policy-2012_fr.pdf\">Politique relative \u00e0 la protection de renseignements, de la vie priv\u00e9e et de la confidentialit\u00e9<\/a><\/strong><br>Cette politique d\u00e9taille la mani\u00e8re dont nous utilisons les informations que nous fournit le public et comment nous prot\u00e9geons les informations personnelles sensibles.<br><em>Cette politique est en cours de mise \u00e0 jour. La version mise \u00e0 jour sera t\u00e9l\u00e9charg\u00e9e d\u00e8s qu&rsquo;elle sera disponible.<\/em><\/li>\n\n\n\n<li style=\"padding-bottom:var(--wp--preset--spacing--x-small)\"><strong>Ligne directrice sur la traduction et les langues de travail<\/strong><br>Cette politique refl\u00e8te le caract\u00e8re bilingue du syst\u00e8me judiciaire de l\u2019Ontario et reconna\u00eet le caract\u00e8re pluraliste de l\u2019Ontario. Cette politique est assujettie aux ressources financi\u00e8res et humaines de la CDO.<br><em>Cette politique est en cours de mise \u00e0 jour et sera t\u00e9l\u00e9charg\u00e9e d\u00e8s qu&rsquo;elle sera disponible.<\/em><\/li>\n<\/ul>\n\n\n\n<p>Les documents archiv\u00e9s suivants sont \u00e9galement disponibles&nbsp;:<\/p>\n\n\n\n<ul class=\"wp-block-list\">\n<li><a href=\"https:\/\/lco-cdo.org\/wp-content\/uploads\/2025\/11\/LCO-StrategicPlan-FR.pdf\">Plan strat\u00e9gique 2022-2025<\/a><\/li>\n\n\n\n<li><a href=\"https:\/\/lco-cdo.org\/wp-content\/uploads\/2025\/11\/Strategic-Plan-F-online.pdf\">Plan strat\u00e9gique 2017-2020<\/a><\/li>\n\n\n\n<li><a href=\"https:\/\/lco-cdo.org\/wp-content\/uploads\/10-Year-Report-French.pdf\">Rapport d\u00e9cennal de la Commission du droit de l\u2019Ontario (2018)<\/a><\/li>\n\n\n\n<li><a href=\"https:\/\/lco-cdo.org\/wp-content\/uploads\/2025\/11\/strategic-plan-2012-2016_fr.pdf\">Plan strat\u00e9gique 2012-2016<\/a><\/li>\n\n\n\n<li><a href=\"https:\/\/lco-cdo.org\/wp-content\/uploads\/2025\/11\/strategic-plan-2008-2012_fr.pdf\">Plan strat\u00e9gique 2008-2012<\/a><\/li>\n<\/ul>\n\n\n\n<p><\/p>\n<\/div>\n","protected":false},"excerpt":{"rendered":"<p>Comment nous faisons \u00e9voluer le droit D\u00e9couvrez les principes, les partenaires et les strat\u00e9gies qui orientent notre travail \u00c0 propos de la CDO La CDO fournit des conseils \u00e9quilibr\u00e9s et faisant autorit\u00e9 sur d\u2019importantes questions de r\u00e9forme du droit. Nos rapports sont fond\u00e9s sur des principes, pratiques et tourn\u00e9s vers l\u2019avenir. La CDO favorise l\u2019acc\u00e8s [&hellip;]<\/p>\n","protected":false},"author":3,"featured_media":965,"parent":0,"menu_order":0,"comment_status":"closed","ping_status":"closed","template":"no-title","meta":{"slim_seo":{"title":"Notre travail - Commission du droit de l'Ontario","description":"Comment nous faisons \u00e9voluer le droit D\u00e9couvrez les principes, les partenaires et les strat\u00e9gies qui orientent notre travail \u00c0 propos de la CDO La CDO fournit d"},"footnotes":""},"class_list":["post-964","page","type-page","status-publish","has-post-thumbnail","hentry"],"meta_box":[],"_links":{"self":[{"href":"https:\/\/lco-cdo.org\/fr\/wp-json\/wp\/v2\/pages\/964","targetHints":{"allow":["GET"]}}],"collection":[{"href":"https:\/\/lco-cdo.org\/fr\/wp-json\/wp\/v2\/pages"}],"about":[{"href":"https:\/\/lco-cdo.org\/fr\/wp-json\/wp\/v2\/types\/page"}],"author":[{"embeddable":true,"href":"https:\/\/lco-cdo.org\/fr\/wp-json\/wp\/v2\/users\/3"}],"replies":[{"embeddable":true,"href":"https:\/\/lco-cdo.org\/fr\/wp-json\/wp\/v2\/comments?post=964"}],"version-history":[{"count":15,"href":"https:\/\/lco-cdo.org\/fr\/wp-json\/wp\/v2\/pages\/964\/revisions"}],"predecessor-version":[{"id":3321,"href":"https:\/\/lco-cdo.org\/fr\/wp-json\/wp\/v2\/pages\/964\/revisions\/3321"}],"wp:featuredmedia":[{"embeddable":true,"href":"https:\/\/lco-cdo.org\/fr\/wp-json\/wp\/v2\/media\/965"}],"wp:attachment":[{"href":"https:\/\/lco-cdo.org\/fr\/wp-json\/wp\/v2\/media?parent=964"}],"curies":[{"name":"wp","href":"https:\/\/api.w.org\/{rel}","templated":true}]}}