{"id":954,"date":"2025-06-22T15:58:32","date_gmt":"2025-06-22T15:58:32","guid":{"rendered":"https:\/\/lco-cdo.thedev.ca\/participez\/"},"modified":"2026-03-07T21:31:42","modified_gmt":"2026-03-07T21:31:42","slug":"participez","status":"publish","type":"page","link":"https:\/\/lco-cdo.org\/fr\/participez\/","title":{"rendered":"Participez"},"content":{"rendered":"\n<div class=\"wp-block-group alignwide has-contrast-background-color has-background has-global-padding is-content-justification-center is-layout-constrained wp-container-core-group-is-layout-25b7f25d wp-block-group-is-layout-constrained\" style=\"border-radius:8px;border-bottom-color:#2660A4;border-bottom-width:2px;min-height:300px;margin-top:0;margin-bottom:var(--wp--preset--spacing--medium);padding-top:var(--wp--preset--spacing--large);padding-right:var(--wp--preset--spacing--small);padding-bottom:var(--wp--preset--spacing--large);padding-left:var(--wp--preset--spacing--small)\">\n<div class=\"wp-block-group has-global-padding is-layout-constrained wp-block-group-is-layout-constrained\">\n<div class=\"wp-block-columns is-layout-flex wp-container-core-columns-is-layout-28f84493 wp-block-columns-is-layout-flex\">\n<div class=\"wp-block-column is-vertically-aligned-center is-layout-flow wp-block-column-is-layout-flow\">\n<h1 class=\"wp-block-heading has-text-align-center has-base-color has-text-color has-link-color has-max-60-font-size wp-elements-3304c5c9052272ab8065d4672c902fee\">Joignez-vous \u00e0 la conversation<\/h1>\n\n\n\n<p class=\"has-text-align-center has-base-color has-text-color has-link-color has-large-font-size wp-elements-bd4c82d92381119ac999343f31b6cc50\">Proposez un projet, joignez-vous \u00e0 notre \u00e9quipe ou soutenez la r\u00e9forme du droit<\/p>\n<\/div>\n<\/div>\n<\/div>\n<\/div>\n\n\n\n<div class=\"wp-block-group alignfull has-global-padding is-layout-constrained wp-container-core-group-is-layout-7506091c wp-block-group-is-layout-constrained\" style=\"margin-top:0;padding-top:0;padding-right:0px;padding-bottom:var(--wp--preset--spacing--x-large);padding-left:0px\">\n<div class=\"wp-block-columns alignwide are-vertically-aligned-center is-style-columns-reverse is-layout-flex wp-container-core-columns-is-layout-28f84493 wp-block-columns-is-layout-flex\">\n<div class=\"wp-block-column has-global-padding is-layout-constrained wp-container-core-column-is-layout-7db9d80f wp-block-column-is-layout-constrained\" style=\"padding-right:0;padding-left:0\">\n<p style=\"padding-bottom:var(--wp--preset--spacing--x-small)\">Il existe plusieurs fa\u00e7ons de s&rsquo;impliquer aupr\u00e8s de la Commission du droit de l&rsquo;Ontario (CDO).<\/p>\n\n\n\n<h2 class=\"wp-block-heading\" id=\"students\">Programme de bourses de recherche pour \u00e9tudiants de la CDO<\/h2>\n\n\n\n<p>La CDO embauche des \u00e9tudiants d\u2019\u00e9t\u00e9 provenant de cinq facult\u00e9s de droit de l\u2019Ontario, soit la Facult\u00e9 de droit Bora Laskin, la Facult\u00e9 de droit Osgoode Hall, la Facult\u00e9 de droit de l\u2019Universit\u00e9 d\u2019Ottawa, la Facult\u00e9 de droit de l\u2019Universit\u00e9 Queen\u2019s et la Facult\u00e9 de droit de l\u2019Universit\u00e9 de Windsor.<\/p>\n\n\n\n<p>Les \u00e9tudiants qui travaillent avec la CDO contribuent aux projets de la CDO, m\u00e8nent des recherches juridiques et strat\u00e9giques et participent aux consultations et aux activit\u00e9s de la CDO.<\/p>\n\n\n\n<p>La CDO n\u2019accepte pas directement les candidatures \u00e0 ce programme. Les \u00e9tudiants doivent s\u2019adresser \u00e0 leur facult\u00e9 respective pour obtenir de plus amples renseignements. Consultez notre section <a href=\"https:\/\/lco-cdo.org\/fr\/nouvelles\/\">Nouvelles<\/a> ou suivez-nous sur <a href=\"https:\/\/bsky.app\/profile\/lco-cdo.bsky.social\">Bluesky<\/a> et <a href=\"https:\/\/www.linkedin.com\/company\/lco-cdo\">LinkedIn<\/a> pour les mises \u00e0 jour !<\/p>\n<\/div>\n<\/div>\n<\/div>\n\n\n\n<div class=\"wp-block-kadence-spacer aligncenter kt-block-spacer-954_0628f7-80\"><div class=\"kt-block-spacer kt-block-spacer-halign-center\"><hr class=\"kt-divider\"\/><\/div><\/div>\n\n\n\n<div class=\"wp-block-group alignfull has-global-padding is-layout-constrained wp-container-core-group-is-layout-b92566bb wp-block-group-is-layout-constrained\" style=\"margin-top:0;padding-top:var(--wp--preset--spacing--x-large);padding-right:0px;padding-bottom:var(--wp--preset--spacing--x-large);padding-left:0px\">\n<div class=\"wp-block-columns alignwide are-vertically-aligned-center is-style-columns-reverse is-layout-flex wp-container-core-columns-is-layout-28f84493 wp-block-columns-is-layout-flex\">\n<div class=\"wp-block-column has-global-padding is-layout-constrained wp-block-column-is-layout-constrained\">\n<h2 class=\"wp-block-heading\" id=\"work-with-us\" style=\"padding-bottom:0\">Joignez notre \u00e9quipe<\/h2>\n<\/div>\n<\/div>\n\n\n\n<h3 class=\"wp-block-heading\">Opportunit\u00e9s actuelles<\/h3>\n\n\n\n<p>Merci de votre int\u00e9r\u00eat ! Malheureusement, il n\u2019y a actuellement aucune opportunit\u00e9 avec la CDO. Veuillez consulter r\u00e9guli\u00e8rement notre site, <a href=\"https:\/\/lco-cdo.org\/fr\/contactez-nous\/\">vous abonner \u00e0 notre infolettre ou nous suivre sur les r\u00e9seaux sociaux<\/a> pour rester inform\u00e9(e).<\/p>\n\n\n\n<p><\/p>\n\n\n\n<h3 class=\"wp-block-heading\">Osgoode Public Interest Requirement (OPIR)<\/h3>\n\n\n\n<p>Les \u00e9tudiants de la Osgoode Hall Law School peuvent maintenant effectuer le stage Osgoode Public Interest Requirement (OPIR) \u2013 stage dans le domaine des services publics \u2013 \u00e0 la CDO. Pour de plus amples informations ou pour vous inscrire, <a href=\"https:\/\/www.osgoode.yorku.ca\/programs\/juris-doctor\/jd-academic-program\/degree-requirements\/about-the-osgoode-public-interest-requirement-opir\/frequently-asked-questions-about-the-opir\/\">cliquez ici<\/a>. <\/p>\n\n\n\n<p><\/p>\n\n\n\n<h3 class=\"wp-block-heading\">Pro Bono Students Canada<\/h3>\n\n\n\n<p>La CDO accepte \u00e9galement la contribution des b\u00e9n\u00e9voles du r\u00e9seau <a href=\"http:\/\/www.probonostudents.ca\/\">Pro Bono Students Canada<\/a> (PBSC) en Ontario. Veuillez communiquer avec le coordonnateur du programme PBSC de votre facult\u00e9 de droit. <\/p>\n<\/div>\n\n\n\n<div class=\"wp-block-kadence-spacer aligncenter kt-block-spacer-954_9a4cce-ce\"><div class=\"kt-block-spacer kt-block-spacer-halign-center\"><hr class=\"kt-divider\"\/><\/div><\/div>\n\n\n\n<div class=\"wp-block-group alignfull has-global-padding is-layout-constrained wp-container-core-group-is-layout-b92566bb wp-block-group-is-layout-constrained\" style=\"margin-top:0;padding-top:var(--wp--preset--spacing--x-large);padding-right:0px;padding-bottom:var(--wp--preset--spacing--x-large);padding-left:0px\">\n<div class=\"wp-block-columns alignwide are-vertically-aligned-center is-style-columns-reverse is-layout-flex wp-container-core-columns-is-layout-28f84493 wp-block-columns-is-layout-flex\">\n<div class=\"wp-block-column has-global-padding is-layout-constrained wp-block-column-is-layout-constrained\">\n<h2 class=\"wp-block-heading\" id=\"suggest-a-project\">Sugg\u00e9rer un projet<\/h2>\n\n\n\n<p>La CDO invite toute personne ou organisation r\u00e9sidant en Ontario \u00e0 soumettre des id\u00e9es de projets de r\u00e9forme l\u00e9gislative. La FAQ ci-dessous explique comment nous sollicitons de nouvelles id\u00e9es et les crit\u00e8res de s\u00e9lection des projets.<\/p>\n\n\n\n<p><a href=\"https:\/\/lco-cdo.org\/fr\/contactez-nous\/\">Abonnez-vous \u00e0 notre infolettre ou suivez-nous sur les m\u00e9dias sociaux<\/a> pour \u00eatre inform\u00e9\u00b7e de la publication d&rsquo;un appel de propositions.<\/p>\n\n\n\n<p><\/p>\n<\/div>\n<\/div>\n\n\n\n<h3 class=\"wp-block-heading\">FAQ sur les propositions<\/h3>\n\n\n\n<div class=\"wp-block-group has-global-padding is-layout-constrained wp-block-group-is-layout-constrained\">\n<details class=\"wp-block-details is-layout-flow wp-block-details-is-layout-flow\"><summary>Quand la CDO accepte-t-elle les propositions de projet ?<\/summary>\n<p style=\"padding-right:0;padding-bottom:var(--wp--preset--spacing--small);padding-left:0\">La CDO accepte les propositions de nouveaux projets \u00e0 tout moment. Si une proposition est re\u00e7ue alors qu&rsquo;il n&rsquo;y a pas d&rsquo;appel de propositions en cours, elle sera enregistr\u00e9e et incluse comme soumission lors de notre prochain appel de propositions. \u00c0 ce moment-l\u00e0, le Comit\u00e9 de projet du Conseil des gouverneurs examinera les propositions de projet et recommandera les projets au Conseil pour approbation.  <\/p>\n<\/details>\n\n\n\n<details class=\"wp-block-details is-layout-flow wp-block-details-is-layout-flow\"><summary>Qui peut pr\u00e9senter une proposition?<\/summary>\n<p style=\"padding-bottom:var(--wp--preset--spacing--small)\">Toute personne ou organisation \u00e9tablie en Ontario peut pr\u00e9senter une proposition. Il peut s\u2019agir de professionnels du droit, d\u2019organismes juridiques, d\u2019ONG, de gouvernements, d\u2019universitaires ou de membres du public. <\/p>\n<\/details>\n\n\n\n<details class=\"wp-block-details is-layout-flow wp-block-details-is-layout-flow\"><summary>Quels types de projets la CDO recherche-t-elle?<\/summary>\n<p>La CDO examinera tout projet ou id\u00e9e qui s\u2019inscrit dans son mandat et r\u00e9pond aux crit\u00e8res de s\u00e9lection. En r\u00e8gle g\u00e9n\u00e9rale, les crit\u00e8res visent \u00e0 s\u2019assurer que les projets de la CDO mettent l\u2019accent sur :<\/p>\n\n\n\n<ul class=\"wp-block-list\">\n<li>d\u2019importantes questions juridiques qui touchent un grand nombre d\u2019Ontariennes et d\u2019Ontariens;<\/li>\n\n\n\n<li>des questions pour lesquelles une r\u00e9forme du droit est opportune et n\u00e9cessaire;<\/li>\n\n\n\n<li>la promotion de l\u2019acc\u00e8s \u00e0 la justice;<\/li>\n\n\n\n<li>la promotion de la participation du public \u00e0 la r\u00e9forme du droit.<\/li>\n<\/ul>\n\n\n\n<p style=\"padding-bottom:var(--wp--preset--spacing--small)\">La CDO examinera un vaste \u00e9ventail de propositions de projet, notamment des projets portant sur des sujets complexes \u00e0 l\u2019\u00e9chelle provinciale, et d\u2019autres dont la port\u00e9e et la dur\u00e9e sont limit\u00e9es. La CDO appuiera aussi des initiatives ponctuelles, comme des conf\u00e9rences ou des forums, qui abordent d\u2019importantes questions de r\u00e9forme du droit. <\/p>\n<\/details>\n\n\n\n<details class=\"wp-block-details is-layout-flow wp-block-details-is-layout-flow\"><summary>La CDO finance-t-elle des projets?<\/summary>\n<p style=\"padding-bottom:var(--wp--preset--spacing--small)\">La CDO n\u2019est pas un organisme subventionnaire. Nous ne fournissons aucun financement pour les projets men\u00e9s par d\u2019autres organismes. <\/p>\n<\/details>\n\n\n\n<details class=\"wp-block-details is-layout-flow wp-block-details-is-layout-flow\"><summary>La CDO m\u00e8ne-t-elle des projets en partenariat avec d\u2019autres organismes?<\/summary>\n<p style=\"padding-bottom:var(--wp--preset--spacing--small)\">Oui. Nous essayons de collaborer avec des personnes et des organismes dans le cadre de tous nos projets. Nous sommes \u00e9galement int\u00e9ress\u00e9s \u00e0 discuter de projets conjoints. Veuillez communiquer avec nous pour discuter de votre id\u00e9e si vous envisagez d\u2019entreprendre un projet conjoint.   <\/p>\n<\/details>\n\n\n\n<details class=\"wp-block-details is-layout-flow wp-block-details-is-layout-flow\"><summary>Questions, commentaires et coordonn\u00e9es<\/summary>\n<p style=\"padding-right:0;padding-bottom:var(--wp--preset--spacing--small);padding-left:0\">La CDO encourage les personnes et les organismes \u00e0 communiquer avec elle pour discuter de leurs id\u00e9es ou propositions. Les questions et commentaires peuvent \u00eatre envoy\u00e9s par courriel \u00e0 <a href=\"mailto:lawcommission@lco-cdo.org\">lawcommission@lco-cdo.org<\/a>. <\/p>\n\n\n\n<p><\/p>\n<\/details>\n<\/div>\n<\/div>\n","protected":false},"excerpt":{"rendered":"<p>Joignez-vous \u00e0 la conversation Proposez un projet, joignez-vous \u00e0 notre \u00e9quipe ou soutenez la r\u00e9forme du droit Il existe plusieurs fa\u00e7ons de s&rsquo;impliquer aupr\u00e8s de la Commission du droit de l&rsquo;Ontario (CDO). Programme de bourses de recherche pour \u00e9tudiants de la CDO La CDO embauche des \u00e9tudiants d\u2019\u00e9t\u00e9 provenant de cinq facult\u00e9s de droit de [&hellip;]<\/p>\n","protected":false},"author":3,"featured_media":0,"parent":0,"menu_order":0,"comment_status":"closed","ping_status":"closed","template":"no-title","meta":{"slim_seo":{"title":"Participez - Commission du droit de l'Ontario","description":"Joignez-vous \u00e0 la conversation Proposez un projet, joignez-vous \u00e0 notre \u00e9quipe ou soutenez la r\u00e9forme du droit Il existe plusieurs fa\u00e7ons de s'impliquer aupr\u00e8s"},"footnotes":""},"class_list":["post-954","page","type-page","status-publish","hentry"],"meta_box":[],"_links":{"self":[{"href":"https:\/\/lco-cdo.org\/fr\/wp-json\/wp\/v2\/pages\/954","targetHints":{"allow":["GET"]}}],"collection":[{"href":"https:\/\/lco-cdo.org\/fr\/wp-json\/wp\/v2\/pages"}],"about":[{"href":"https:\/\/lco-cdo.org\/fr\/wp-json\/wp\/v2\/types\/page"}],"author":[{"embeddable":true,"href":"https:\/\/lco-cdo.org\/fr\/wp-json\/wp\/v2\/users\/3"}],"replies":[{"embeddable":true,"href":"https:\/\/lco-cdo.org\/fr\/wp-json\/wp\/v2\/comments?post=954"}],"version-history":[{"count":5,"href":"https:\/\/lco-cdo.org\/fr\/wp-json\/wp\/v2\/pages\/954\/revisions"}],"predecessor-version":[{"id":3211,"href":"https:\/\/lco-cdo.org\/fr\/wp-json\/wp\/v2\/pages\/954\/revisions\/3211"}],"wp:attachment":[{"href":"https:\/\/lco-cdo.org\/fr\/wp-json\/wp\/v2\/media?parent=954"}],"curies":[{"name":"wp","href":"https:\/\/api.w.org\/{rel}","templated":true}]}}