{"id":3419,"date":"2026-05-15T01:21:26","date_gmt":"2026-05-15T01:21:26","guid":{"rendered":"https:\/\/lco-cdo.org\/intimate-images-and-deepfakes-resources-list\/"},"modified":"2026-05-15T17:24:51","modified_gmt":"2026-05-15T17:24:51","slug":"intimate-images-and-deepfakes-resources-list","status":"publish","type":"page","link":"https:\/\/lco-cdo.org\/fr\/intimate-images-and-deepfakes-resources-list\/","title":{"rendered":"Images intimes et hypertrucages : Liste de ressources"},"content":{"rendered":"\n<p>Vous trouverez ci-dessous une collection de sources cl\u00e9s qui \u00e9clairent les travaux de la CDO dans l\u2019\u00e9laboration d\u2019un cadre juridique civil visant \u00e0 r\u00e9pondre \u00e0 la cr\u00e9ation, \u00e0 la modification et \u00e0 la diffusion d\u2019images intimes sans consentement, dans le cadre du projet <a href=\"https:\/\/lco-cdo.org\/fr\/projets\/images-intimes-et-hypertrucages\/\">Images intimes et hypertrucages<\/a>. Cette liste est non exhaustive.<\/p>\n\n\n\n<details class=\"wp-block-details is-layout-flow wp-block-details-is-layout-flow\" style=\"margin-top:var(--wp--preset--spacing--small)\"><summary>L\u00e9gislation provinciale visant la diffusion non consensuelle d\u2019images intimes<\/summary>\n<h2 class=\"wp-block-heading has-large-font-size\">Alberta<\/h2>\n\n\n\n<p><em>Protecting Victims of Non-consensual Distribution of Intimate Images Act<\/em>, RSA 2017, c P-26.9, <a href=\"https:\/\/canlii.ca\/t\/52xm1\">https:\/\/canlii.ca\/t\/52xm1<\/a><\/p>\n\n\n\n<h2 class=\"wp-block-heading has-large-font-size\">Manitoba<\/h2>\n\n\n\n<p><em><a href=\"https:\/\/web2.gov.mb.ca\/laws\/statutes\/ccsm\/_pdf.php?cap=n93\">Loi sur la distribution non consensuelle d\u2019images intimes<\/a><\/em>, CPLM, c N93.<\/p>\n\n\n\n<p>Projet de loi 2 :&nbsp;<a href=\"https:\/\/web2.gov.mb.ca\/bills\/43-3\/b002f.php\" title=\"\">Loi modifiant la Loi sur la distribution non consensuelle d\u2019images intimes<\/a><\/p>\n\n\n\n<p>Voir aussi : <a href=\"https:\/\/www.protectchildren.ca\/fr\/\" title=\"\">Centre Canadien de protection de l&rsquo;enfance<\/a>.<\/p>\n\n\n\n<h2 class=\"wp-block-heading has-large-font-size\">Nouvelle-\u00c9cosse<\/h2>\n\n\n\n<p><em>Intimate Images and Cyber-protection Act<\/em>, SNS 2017, c 7, art. 3(f), <a href=\"https:\/\/canlii.ca\/t\/95sr#sec3\">https:\/\/canlii.ca\/t\/95sr#sec3<\/a><\/p>\n\n\n\n<p>Voir aussi : Cyberscan <a href=\"https:\/\/novascotia.ca\/cyberscan\/fr\/\" title=\"\">Appui aux victimes<\/a> de la province de la Nouvelle-\u00c9cosse.<\/p>\n\n\n\n<h2 class=\"wp-block-heading has-large-font-size\">Terre-Neuve-et-Labrador<\/h2>\n\n\n\n<p><a href=\"https:\/\/www.assembly.nl.ca\/legislation\/sr\/statutes\/i22.htm#:~:text=(1)%20It%20is%20a%20tort,without%20the%20other%20person's%20consent.&amp;text=(b)%20is%20reckless%20as%20to,image%20consented%20to%20the%20distribution.\"><em>Intimate Images Protection Act,<\/em><\/a> RSNL 2018, c I-22.<\/p>\n\n\n\n<h2 class=\"wp-block-heading has-large-font-size\">Saskatchewan<\/h2>\n\n\n\n<p><a href=\"https:\/\/canlii.ca\/t\/55gxc\"><em>The Privacy Act,<\/em><\/a> RSS 1978, c P-24.<\/p>\n\n\n\n<h2 class=\"wp-block-heading has-large-font-size\">Nouveau-Brunswick<\/h2>\n\n\n\n<p><em><a href=\"https:\/\/lois.gnb.ca\/fr\/showfulldoc\/cs\/2022-c.1\/20220427\">Loi sur la communication ill\u00e9gale d\u2019images intimes<\/a><\/em><a href=\"https:\/\/laws.gnb.ca\/en\/showfulldoc\/cs\/2022-c.1\/20220427\"><em>,<\/em><\/a> L.N.-B. 2022, ch. 1.<\/p>\n\n\n\n<h2 class=\"wp-block-heading has-large-font-size\">\u00cele-du-Prince-\u00c9douard<\/h2>\n\n\n\n<p><a href=\"https:\/\/www.princeedwardisland.ca\/sites\/default\/files\/legislation\/i-09-1-intimate_images_protection_act_0.pdf\"><em>Intimate Images Protection Act,<\/em><\/a> SPEI 2020, c 55.<\/p>\n\n\n\n<h2 class=\"wp-block-heading has-large-font-size\">Colombie-Britannique<\/h2>\n\n\n\n<p><a href=\"https:\/\/www.bclaws.gov.bc.ca\/civix\/document\/id\/complete\/statreg\/23011\"><em>Intimate Images Protection Act,<\/em><\/a> SBC 2023, c 11.<\/p>\n\n\n\n<p>Voir aussi : <a href=\"https:\/\/civilresolutionbc.ca\/solution-explorer\/intimate-images\/\">R\u00e9clamations sur les images intimes du BC Civil Resolution Tribunal<\/a>.<\/p>\n\n\n\n<p>Voir aussi : le <a href=\"https:\/\/www2.gov.bc.ca\/gov\/content\/safety\/public-safety\/intimate-images\/intimate-images-support\">Intimate Images Protection Service<\/a> de la province de la Colombie-Britannique..<\/p>\n\n\n\n<h2 class=\"wp-block-heading has-large-font-size\">Qu\u00e9bec<\/h2>\n\n\n\n<p><em><a href=\"https:\/\/www.legisquebec.gouv.qc.ca\/fr\/document\/lc\/p-9.0002\" title=\"\">Loi visant \u00e0 contrer le partage non consensuel d\u2019images intimes<\/a><\/em>, RLRQ c P-9.0002.<\/p>\n\n\n\n<p>Voir aussi : <a href=\"https:\/\/www.quebec.ca\/justice-et-etat-civil\/accompagnement-victimes-crime\/partage-sans-consentement-image-intime\">la proc\u00e9dure acc\u00e9l\u00e9r\u00e9e de la province du Qu\u00e9bec pour les recours li\u00e9s aux images intimes<\/a>.<\/p>\n<\/details>\n\n\n\n<details class=\"wp-block-details is-layout-flow wp-block-details-is-layout-flow\" style=\"margin-top:var(--wp--preset--spacing--medium)\"><summary>L\u00e9gislation f\u00e9d\u00e9rale visant la diffusion non consensuelle d\u2019images intimes<\/summary>\n<h2 class=\"wp-block-heading has-large-font-size\">Code criminel f\u00e9d\u00e9ral<\/h2>\n\n\n\n<p><em><a href=\"https:\/\/laws-lois.justice.gc.ca\/fra\/lois\/c-46\/page-26.html\">Code criminel<\/a><\/em>, LRC 1985, ch. C-46, art. 162.1.<\/p>\n\n\n\n<p>Le <em>Code criminel<\/em> pr\u00e9voit que le partage d\u2019une image intime sans consentement constitue une infraction criminelle.<\/p>\n\n\n\n<h2 class=\"wp-block-heading has-large-font-size\">Projet de loi C-16<\/h2>\n\n\n\n<p><a href=\"https:\/\/www.parl.ca\/documentviewer\/fr\/45-1\/projet-loi\/C-16\/premiere-lecture\">Projet de loi C-16, <em>Loi modifiant certaines lois en mati\u00e8re criminelle et correctionnelle (protection des enfants, violence fond\u00e9e sur le sexe, d\u00e9lais et autres mesures)<\/em><\/a>, 1re sess, 45e l\u00e9g, 2025, art. 15(2).<\/p>\n\n\n\n<p>Le projet de loi C-16 est une proposition l\u00e9gislative visant \u00e0 modifier le <em>Code criminel<\/em> afin de traiter la diffusion d\u2019hypertrucages d\u2019images intimes ainsi que les menaces de diffusion.<\/p>\n<\/details>\n\n\n\n<details class=\"wp-block-details is-layout-flow wp-block-details-is-layout-flow\" style=\"margin-top:var(--wp--preset--spacing--medium)\"><summary>L\u00e9gislation internationale<\/summary>\n<h2 class=\"wp-block-heading has-large-font-size\">Australie : <em>Online Safety Act<\/em><\/h2>\n\n\n\n<p><a href=\"https:\/\/parlinfo.aph.gov.au\/parlInfo\/search\/display\/display.w3p;query=Id:%22legislation\/bills\/r6680_aspassed\/0000%22?afd_azwaf_tok=eyJraWQiOiI1MUExNzM1MkJFMzVFNkZCMTE3QUI4MEVDMjhFQjk1NkQ2ODYzNkY5MjA5MENGNENBMTJERTJFREE0MTkxMjY1IiwiYWxnIjoiUlMyNTYifQ.eyJhdWQiOiJwYXJsaW5mby5hcGguZ292LmF1IiwiZXhwIjoxNzc4MTg1MTAzLCJpYXQiOjE3NzgxODUwOTMsImlzcyI6InRpZXIxLTg0N2RkNTk5ODUtdjd4dmMiLCJzdWIiOiI3MC42OS4zNC4yMTEiLCJkYXRhIjp7InR5cGUiOiJpc3N1ZWQiLCJyZWYiOiIyMDI2MDUwN1QyMDE4MTNaLTE4NDdkZDU5OTg1djd4dmNoQzFXU1Q2azFnMDAwMDAwMWswMDAwMDAwMDAwNm1rZyIsImIiOiJUekNCNHhaUHpjVV9rb1F1MlppREJINWVsWHVveFdQVkdkbFVSX1hzbXpJIiwiaCI6Ikx3ck04RmlCZWxzSVlrdmR4bnR2Z0FPY1o4NnR4VDVIeHhjdGdLRzVSSm8ifX0.a0W7iSNK7OhkR-jx42sRio5cbitZAoj6Jy8z1xTmpC_Wz33voio_hJZBnunFLgS2AzG6yds4zp0g1m-ojpCIEVN58T8LqTb-NeB3HY6qv8rWcMCcTn3RVQ4M8oVxuCHwsX0yUaJRlJIVbcUQ7kpXg2lzbGk7AIlvwwvxbSDPy9RK1OiJWU7n3l0oYuw42XyFbrjqZ7mGjUOhSr-yKJYpqAiGuC9WqGSbD9SuaBp1uZrFXBZWMkkia2fUoy8Irt2P0Jm_kIAH7T1yOsJChTg4wU1BXhuXpy1ErkrWvLAPTO6n71xGTXRP9E4GoyN5GU2IBGz0esXWU4iaZBKZ6xzMLg.WF3obl2IDtqgvMFRqVdYkD5s\"><em>Online Safety Act 2021<\/em> (Cth), No 76 de 2021, art. 15 (Australie).<\/a><\/p>\n\n\n\n<h2 class=\"wp-block-heading has-large-font-size\">Nouvelle-Galles du Sud : <em>Crimes Act<\/em><\/h2>\n\n\n\n<p><a href=\"https:\/\/legislation.nsw.gov.au\/view\/whole\/html\/inforce\/current\/act-1900-040\"><em>Crimes Act 1900<\/em> (NSW),<\/a> No 40, art. 91N (Australie).<\/p>\n\n\n\n<h2 class=\"wp-block-heading has-large-font-size\">\u00c9tats-Unis : <em>TAKE IT DOWN Act<\/em> (2025)<\/h2>\n\n\n\n<p><a href=\"https:\/\/www.congress.gov\/bill\/119th-congress\/senate-bill\/146\/text\">Tools to Address Known Exploitation by Immobilizing Technological Deepfakes on Websites and Networks Act,<\/a> Pub L No 119-12, \u00a7 2, 139 Stat 55 at 56 (2025) [TAKE IT DOWN Act]; Consolidated Appropriations Act, 2022, Pub L No 117-103, div W, tit XIII, \u00a7 1309, 136 Stat 929 (2022); 15 USC \u00a7 6851(a)(5) (2024); 18 USC \u00a7 2256(2), (5) (2024).<\/p>\n\n\n\n<h2 class=\"wp-block-heading has-large-font-size\">Royaume-Uni : <em>Online Safety Act 2023<\/em> et <em>Data (Use and Access) Act 2025<\/em><\/h2>\n\n\n\n<p><a href=\"https:\/\/www.legislation.gov.uk\/ukpga\/2023\/50\">Online Safety Act 2023 (R.-U.),<\/a> c 50.<\/p>\n<\/details>\n\n\n\n<details class=\"wp-block-details is-layout-flow wp-block-details-is-layout-flow\" style=\"margin-top:var(--wp--preset--spacing--medium)\"><summary>Articles et rapports<\/summary>\n<p>Conf\u00e9rence pour l\u2019harmonisation des lois au Canada, <em><a href=\"https:\/\/lco-cdo.org\/wp-content\/uploads\/Uniform-Non-consensual-Disclosure-of-Intimate-Images-Draft-Report-2020.pdf\">Uniform Non-consensual Disclosure of Intimate Images Act: <em>Report of the Working Group and Draft Uniform Act<\/em><\/a><\/em>, novembre 2020.<\/p>\n\n\n\n<p>Hilary A.N. Young et Emily Laidlaw, \u00ab <em><a href=\"https:\/\/lco-cdo.org\/wp-content\/uploads\/Laidlaw-and-Young.pdf\">Creating a Revenge Porn Tort for Canada<\/a><\/em> \u00bb, (2020) 96 (2e) <em>Supreme Court Law Review<\/em> 147.<\/p>\n\n\n\n<p>Suzie Dunn, \u00ab <em><a href=\"https:\/\/lco-cdo.org\/wp-content\/uploads\/Suzie-Dunn-paper-McGill-004.pdf\">Legal Definitions of Intimate Images in the Age of Sexual Deepfakes and Generative AI<\/a><\/em> \u00bb, (2024) 69:4 <em>Revue de droit de McGill<\/em> 395.<\/p>\n\n\n\n<p>Nicola Henry et Rebecca Umbach, \u00ab <a href=\"Sextortion: Prevalence and correlates in 10 countries\"><em>Sextortion: Prevalence and correlates in 10 countries<\/em><\/a> \u00bb, <em>Computers in Human Behavior<\/em>, vol. 158, septembre 2024, 108298.<\/p>\n<\/details>\n","protected":false},"excerpt":{"rendered":"<p>Vous trouverez ci-dessous une collection de sources cl\u00e9s qui \u00e9clairent les travaux de la CDO dans l\u2019\u00e9laboration d\u2019un cadre juridique civil visant \u00e0 r\u00e9pondre \u00e0 la cr\u00e9ation, \u00e0 la modification et \u00e0 la diffusion d\u2019images intimes sans consentement, dans le cadre du projet Images intimes et hypertrucages. Cette liste est non exhaustive.<\/p>\n","protected":false},"author":3,"featured_media":0,"parent":0,"menu_order":0,"comment_status":"closed","ping_status":"closed","template":"","meta":{"slim_seo":{"title":"Images intimes et hypertrucages : Liste de ressources - Commission du droit de l'Ontario","description":"Vous trouverez ci-dessous une collection de sources cl\u00e9s qui \u00e9clairent les travaux de la CDO dans l\u2019\u00e9laboration d\u2019un cadre juridique civil visant \u00e0 r\u00e9pondre \u00e0 l"},"footnotes":""},"class_list":["post-3419","page","type-page","status-publish","hentry"],"meta_box":[],"_links":{"self":[{"href":"https:\/\/lco-cdo.org\/fr\/wp-json\/wp\/v2\/pages\/3419","targetHints":{"allow":["GET"]}}],"collection":[{"href":"https:\/\/lco-cdo.org\/fr\/wp-json\/wp\/v2\/pages"}],"about":[{"href":"https:\/\/lco-cdo.org\/fr\/wp-json\/wp\/v2\/types\/page"}],"author":[{"embeddable":true,"href":"https:\/\/lco-cdo.org\/fr\/wp-json\/wp\/v2\/users\/3"}],"replies":[{"embeddable":true,"href":"https:\/\/lco-cdo.org\/fr\/wp-json\/wp\/v2\/comments?post=3419"}],"version-history":[{"count":5,"href":"https:\/\/lco-cdo.org\/fr\/wp-json\/wp\/v2\/pages\/3419\/revisions"}],"predecessor-version":[{"id":3512,"href":"https:\/\/lco-cdo.org\/fr\/wp-json\/wp\/v2\/pages\/3419\/revisions\/3512"}],"wp:attachment":[{"href":"https:\/\/lco-cdo.org\/fr\/wp-json\/wp\/v2\/media?parent=3419"}],"curies":[{"name":"wp","href":"https:\/\/api.w.org\/{rel}","templated":true}]}}