{"id":1014,"date":"2025-10-11T17:10:44","date_gmt":"2025-10-11T17:10:44","guid":{"rendered":"https:\/\/lco-cdo.thedev.ca\/projets\/"},"modified":"2026-03-07T20:46:52","modified_gmt":"2026-03-07T20:46:52","slug":"projets","status":"publish","type":"page","link":"https:\/\/lco-cdo.org\/fr\/projets\/","title":{"rendered":"Projets"},"content":{"rendered":"\n<div class=\"wp-block-group alignwide has-contrast-background-color has-background has-global-padding is-content-justification-center is-layout-constrained wp-container-core-group-is-layout-83ebbec7 wp-block-group-is-layout-constrained\" style=\"border-radius:8px;border-bottom-color:#2660A4;border-bottom-width:2px;min-height:300px;margin-top:0;margin-bottom:0;padding-top:var(--wp--preset--spacing--large);padding-right:var(--wp--preset--spacing--small);padding-bottom:var(--wp--preset--spacing--large);padding-left:var(--wp--preset--spacing--small)\">\n<div class=\"wp-block-group has-global-padding is-layout-constrained wp-block-group-is-layout-constrained\">\n<div class=\"wp-block-columns is-layout-flex wp-container-core-columns-is-layout-28f84493 wp-block-columns-is-layout-flex\">\n<div class=\"wp-block-column is-vertically-aligned-center is-layout-flow wp-block-column-is-layout-flow\">\n<h1 class=\"wp-block-heading has-text-align-center has-base-color has-text-color has-link-color has-max-60-font-size wp-elements-6db3463cdc87e62c210030c321059a43\">La r\u00e9forme du droit en action<\/h1>\n\n\n\n<p class=\"has-text-align-center has-base-color has-text-color has-link-color has-large-font-size wp-elements-d0b09d9e907c61589e1c6e4aba451f54\">Des projets qui r\u00e9pondent aux d\u00e9fis d\u2019aujourd\u2019hui et guident l\u2019avenir de la justice<\/p>\n<\/div>\n<\/div>\n<\/div>\n<\/div>\n\n\n\n<h2 class=\"wp-block-heading\" style=\"margin-top:var(--wp--preset--spacing--medium);margin-bottom:var(--wp--preset--spacing--small)\">Projets en cours<\/h2>\n\n\n\n\n\n      \n  \n\n    \n  <div class=\"projects-active-grid cols-3\">\n                      \n                  \n                                                                      \n      <article class=\"project-card\">\n                  <a class=\"project-thumb-link\" href=\"https:\/\/lco-cdo.org\/fr\/projets\/images-intimes-et-hypertrucages\/\" aria-label=\"Images intimes et hypertrucages\">\n            <img loading=\"lazy\" decoding=\"async\" width=\"1024\" height=\"683\" src=\"https:\/\/lco-cdo.org\/wp-content\/uploads\/2025\/06\/civai_cover-1024x683.jpg\" class=\"project-thumb\" alt=\"Admin AI thumbnail depicting blue computer electronic circuit\" srcset=\"https:\/\/lco-cdo.org\/wp-content\/uploads\/2025\/06\/civai_cover-1024x683.jpg 1024w, https:\/\/lco-cdo.org\/wp-content\/uploads\/2025\/06\/civai_cover-300x200.jpg 300w, https:\/\/lco-cdo.org\/wp-content\/uploads\/2025\/06\/civai_cover-768x512.jpg 768w, https:\/\/lco-cdo.org\/wp-content\/uploads\/2025\/06\/civai_cover-1536x1024.jpg 1536w, https:\/\/lco-cdo.org\/wp-content\/uploads\/2025\/06\/civai_cover-2048x1365.jpg 2048w\" sizes=\"auto, (max-width: 1024px) 100vw, 1024px\" \/>\n          <\/a>\n        \n        <h3 class=\"project-title\">\n          <a href=\"https:\/\/lco-cdo.org\/fr\/projets\/images-intimes-et-hypertrucages\/\">Images intimes et hypertrucages<\/a>\n        <\/h3>\n\n                  <p class=\"project-summary\">Analyse des moyens de prot\u00e9ger les victimes de la divulgation non consensuelle d'images intimes et d'hypertrucages.<\/p>\n              <\/article>\n                      \n                  \n                                                                      \n      <article class=\"project-card\">\n                  <a class=\"project-thumb-link\" href=\"https:\/\/lco-cdo.org\/fr\/projets\/ia-dans-le-systeme-de-justice-penale\/\" aria-label=\"L\u2019IA dans le syst\u00e8me de justice p\u00e9nale\">\n            <img loading=\"lazy\" decoding=\"async\" width=\"798\" height=\"498\" src=\"https:\/\/lco-cdo.org\/wp-content\/uploads\/2025\/06\/crimAi_thumbnail.png\" class=\"project-thumb\" alt=\"Criminal AI image depicting white human figures over binary code\" srcset=\"https:\/\/lco-cdo.org\/wp-content\/uploads\/2025\/06\/crimAi_thumbnail.png 798w, https:\/\/lco-cdo.org\/wp-content\/uploads\/2025\/06\/crimAi_thumbnail-300x187.png 300w, https:\/\/lco-cdo.org\/wp-content\/uploads\/2025\/06\/crimAi_thumbnail-768x479.png 768w\" sizes=\"auto, (max-width: 798px) 100vw, 798px\" \/>\n          <\/a>\n        \n        <h3 class=\"project-title\">\n          <a href=\"https:\/\/lco-cdo.org\/fr\/projets\/ia-dans-le-systeme-de-justice-penale\/\">L\u2019IA dans le syst\u00e8me de justice p\u00e9nale<\/a>\n        <\/h3>\n\n                  <p class=\"project-summary\">Plongez au c\u0153ur des risques et des avantages de l'utilisation de l'IA dans le syst\u00e8me de justice p\u00e9nale. Consultez notre s\u00e9rie de cinq articles qui examinent l'utilisation de l'IA \u00e0 chaque \u00e9tape d'une affaire p\u00e9nale.<\/p>\n              <\/article>\n                      \n                  \n                                                                      \n      <article class=\"project-card\">\n                  <a class=\"project-thumb-link\" href=\"https:\/\/lco-cdo.org\/fr\/projets\/ordonnances-de-protection\/\" aria-label=\"Ordonnances de protection\">\n            <img loading=\"lazy\" decoding=\"async\" width=\"400\" height=\"251\" src=\"https:\/\/lco-cdo.org\/wp-content\/uploads\/2025\/06\/LCO-ProtectionOrders-thumbnail-400x251-1.png\" class=\"project-thumb\" alt=\"Protection Orders thumbnail depicting vector-drawn woman and child\" srcset=\"https:\/\/lco-cdo.org\/wp-content\/uploads\/2025\/06\/LCO-ProtectionOrders-thumbnail-400x251-1.png 400w, https:\/\/lco-cdo.org\/wp-content\/uploads\/2025\/06\/LCO-ProtectionOrders-thumbnail-400x251-1-300x188.png 300w\" sizes=\"auto, (max-width: 400px) 100vw, 400px\" \/>\n          <\/a>\n        \n        <h3 class=\"project-title\">\n          <a href=\"https:\/\/lco-cdo.org\/fr\/projets\/ordonnances-de-protection\/\">Ordonnances de protection<\/a>\n        <\/h3>\n\n                  <p class=\"project-summary\">Analyse des raisons pour lesquelles les ordonnances de protection ne parviennent pas \u00e0 pr\u00e9venir la violence conjugale et familiale en Ontario.<\/p>\n              <\/article>\n                      \n                  \n                                                                      \n      <article class=\"project-card\">\n                  <a class=\"project-thumb-link\" href=\"https:\/\/lco-cdo.org\/fr\/projets\/ia-et-droits-de-la-personne\/\" aria-label=\"R\u00e9glementation de l&rsquo;IA et droits de la personne\">\n            <img loading=\"lazy\" decoding=\"async\" width=\"1024\" height=\"540\" src=\"https:\/\/lco-cdo.org\/wp-content\/uploads\/Screenshot-2024-11-05-at-16.37.56-1024x540.png\" class=\"project-thumb\" alt=\"banner for AI Regulation and Human Rights project\" srcset=\"https:\/\/lco-cdo.org\/wp-content\/uploads\/Screenshot-2024-11-05-at-16.37.56-1024x540.png 1024w, https:\/\/lco-cdo.org\/wp-content\/uploads\/Screenshot-2024-11-05-at-16.37.56-300x158.png 300w, https:\/\/lco-cdo.org\/wp-content\/uploads\/Screenshot-2024-11-05-at-16.37.56-768x405.png 768w, https:\/\/lco-cdo.org\/wp-content\/uploads\/Screenshot-2024-11-05-at-16.37.56-1536x810.png 1536w, https:\/\/lco-cdo.org\/wp-content\/uploads\/Screenshot-2024-11-05-at-16.37.56.png 1866w\" sizes=\"auto, (max-width: 1024px) 100vw, 1024px\" \/>\n          <\/a>\n        \n        <h3 class=\"project-title\">\n          <a href=\"https:\/\/lco-cdo.org\/fr\/projets\/ia-et-droits-de-la-personne\/\">R\u00e9glementation de l&rsquo;IA et droits de la personne<\/a>\n        <\/h3>\n\n                  <p class=\"project-summary\">Analyse des modalit\u00e9s de gouvernance de l'IA afin de prot\u00e9ger les droits humains, l'\u00e9quit\u00e9 proc\u00e9durale et la vie priv\u00e9e. Consultez l'\u00e9valuation de l'impact sur les droits humains.<\/p>\n              <\/article>\n                      \n                  \n                                                                      \n      <article class=\"project-card\">\n                  <a class=\"project-thumb-link\" href=\"https:\/\/lco-cdo.org\/fr\/projets\/surveillance-en-milieu-de-travail\/\" aria-label=\"Surveillance en milieu de travail\">\n            <img loading=\"lazy\" decoding=\"async\" width=\"1024\" height=\"578\" src=\"https:\/\/lco-cdo.org\/wp-content\/uploads\/iStock-1157776913-1024x578.jpg\" class=\"project-thumb\" alt=\"Vector of a businessman sitting inside closet compartment box being surveyed by a boss\" srcset=\"https:\/\/lco-cdo.org\/wp-content\/uploads\/iStock-1157776913-1024x578.jpg 1024w, https:\/\/lco-cdo.org\/wp-content\/uploads\/iStock-1157776913-300x169.jpg 300w, https:\/\/lco-cdo.org\/wp-content\/uploads\/iStock-1157776913-768x433.jpg 768w, https:\/\/lco-cdo.org\/wp-content\/uploads\/iStock-1157776913-1536x867.jpg 1536w, https:\/\/lco-cdo.org\/wp-content\/uploads\/iStock-1157776913-2048x1156.jpg 2048w\" sizes=\"auto, (max-width: 1024px) 100vw, 1024px\" \/>\n          <\/a>\n        \n        <h3 class=\"project-title\">\n          <a href=\"https:\/\/lco-cdo.org\/fr\/projets\/surveillance-en-milieu-de-travail\/\">Surveillance en milieu de travail<\/a>\n        <\/h3>\n\n                  <p class=\"project-summary\">Exploration du recours aux technologies num\u00e9riques de suivi et de surveillance en milieu de travail, et leurs cons\u00e9quences pour le respect de la vie priv\u00e9e et les droits de la personne, le droit du travail et de l\u2019emploi, les travailleurs d<\/p>\n              <\/article>\n      <\/div>\n\n\n\n\n<div class=\"wp-block-buttons is-content-justification-center is-layout-flex wp-container-core-buttons-is-layout-77185cb8 wp-block-buttons-is-layout-flex\" style=\"margin-top:var(--wp--preset--spacing--medium);margin-bottom:var(--wp--preset--spacing--large);padding-top:0;padding-right:0;padding-bottom:0;padding-left:0\">\n<div class=\"wp-block-button\"><a class=\"wp-block-button__link wp-element-button\" href=\"https:\/\/lco-cdo.org\/fr\/participez\/\">Sugg\u00e9rer un projet<\/a><\/div>\n<\/div>\n\n\n\n<div class=\"wp-block-kadence-spacer aligncenter kt-block-spacer-lco__archive-project_0a32bf-ff\"><div class=\"kt-block-spacer kt-block-spacer-halign-center\"><hr class=\"kt-divider\"\/><\/div><\/div>\n\n\n\n<h2 class=\"wp-block-heading\" style=\"margin-top:var(--wp--preset--spacing--medium);margin-bottom:var(--wp--preset--spacing--small)\">Projets termin\u00e9s<\/h2>\n\n\n\n<p>Ces projets ont publi\u00e9 leurs rapports finaux. L\u2019ann\u00e9e indiqu\u00e9e correspond \u00e0 la date de publication du rapport. Les activit\u00e9s de suivi varient selon les projets; la CDO peut offrir des conseils ou soumettre des observations si les travaux provinciaux abordent des questions connexes.<\/p>\n\n\n\n<div class=\"wp-block-group has-global-padding is-content-justification-left is-layout-constrained wp-container-core-group-is-layout-12dd3699 wp-block-group-is-layout-constrained\"><div class=\"facetwp-facet facetwp-facet-projects_completed_sort facetwp-type-sort\" data-name=\"projects_completed_sort\" data-type=\"sort\"><\/div>\n<\/div>\n\n\n<div class=\"facetwp-template\" data-name=\"projects_completed\"><div class=\"projects-completed-list\">\n            <ul class=\"projects-completed-list__grid\">\n                                            <li class=\"projects-completed-list__item\">\n                    <a href=\"https:\/\/lco-cdo.org\/fr\/projets\/protection-consommateurs-marche-numerique\/\" class=\"projects-completed-list__link\">\n                        Protection des consommateurs dans le march\u00e9 num\u00e9rique                                                    <span class=\"projects-completed-list__year\">\n                                (2024)\n                            <\/span>\n                                            <\/a>\n                <\/li>\n                                            <li class=\"projects-completed-list__item\">\n                    <a href=\"https:\/\/lco-cdo.org\/fr\/projets\/responsabilite-environnementale\/\" class=\"projects-completed-list__link\">\n                        Responsabilit\u00e9 environnementale                                                    <span class=\"projects-completed-list__year\">\n                                (2024)\n                            <\/span>\n                                            <\/a>\n                <\/li>\n                                            <li class=\"projects-completed-list__item\">\n                    <a href=\"https:\/\/lco-cdo.org\/fr\/projets\/derniers-moments-de-la-vie-engagement-autochtone\/\" class=\"projects-completed-list__link\">\n                        Derniers moments de la vie \u2013 Engagement autochtone                                                    <span class=\"projects-completed-list__year\">\n                                (2023)\n                            <\/span>\n                                            <\/a>\n                <\/li>\n                                            <li class=\"projects-completed-list__item\">\n                    <a href=\"https:\/\/lco-cdo.org\/fr\/projets\/derniers-moments-de-la-vie\/\" class=\"projects-completed-list__link\">\n                        Derniers moments de la vie                                                    <span class=\"projects-completed-list__year\">\n                                (2021)\n                            <\/span>\n                                            <\/a>\n                <\/li>\n                                            <li class=\"projects-completed-list__item\">\n                    <a href=\"https:\/\/lco-cdo.org\/fr\/projets\/diffamation-a-lepoque-de-linternet\/\" class=\"projects-completed-list__link\">\n                        Diffamation \u00e0 l\u2019\u00e9poque de l\u2019Internet                                                    <span class=\"projects-completed-list__year\">\n                                (2020)\n                            <\/span>\n                                            <\/a>\n                <\/li>\n                                            <li class=\"projects-completed-list__item\">\n                    <a href=\"https:\/\/lco-cdo.org\/fr\/projets\/recours-collectifs\/\" class=\"projects-completed-list__link\">\n                        Recours collectifs                                                    <span class=\"projects-completed-list__year\">\n                                (2019)\n                            <\/span>\n                                            <\/a>\n                <\/li>\n                                            <li class=\"projects-completed-list__item\">\n                    <a href=\"https:\/\/lco-cdo.org\/fr\/projets\/capacite-juridique-prise-de-decision-et-tutelle\/\" class=\"projects-completed-list__link\">\n                        Capacit\u00e9 juridique, prise de d\u00e9cision et tutelle                                                    <span class=\"projects-completed-list__year\">\n                                (2017)\n                            <\/span>\n                                            <\/a>\n                <\/li>\n                                            <li class=\"projects-completed-list__item\">\n                    <a href=\"https:\/\/lco-cdo.org\/fr\/projets\/petites-successions\/\" class=\"projects-completed-list__link\">\n                        Petites successions                                                    <span class=\"projects-completed-list__year\">\n                                (2015)\n                            <\/span>\n                                            <\/a>\n                <\/li>\n                                            <li class=\"projects-completed-list__item\">\n                    <a href=\"https:\/\/lco-cdo.org\/fr\/projets\/reei-federal-capacite-et-representation\/\" class=\"projects-completed-list__link\">\n                        REEI f\u00e9d\u00e9ral, capacit\u00e9 et repr\u00e9sentation                                                    <span class=\"projects-completed-list__year\">\n                                (2014)\n                            <\/span>\n                                            <\/a>\n                <\/li>\n                                            <li class=\"projects-completed-list__item\">\n                    <a href=\"https:\/\/lco-cdo.org\/fr\/projets\/droit-de-la-famille\/\" class=\"projects-completed-list__link\">\n                        Droit de la famille                                                    <span class=\"projects-completed-list__year\">\n                                (2013)\n                            <\/span>\n                                            <\/a>\n                <\/li>\n                                            <li class=\"projects-completed-list__item\">\n                    <a href=\"https:\/\/lco-cdo.org\/fr\/projets\/privilege-des-travailleurs-forestiers-sur-leur-salaire\/\" class=\"projects-completed-list__link\">\n                        Privil\u00e8ge des travailleurs forestiers sur leur salaire                                                    <span class=\"projects-completed-list__year\">\n                                (2013)\n                            <\/span>\n                                            <\/a>\n                <\/li>\n                                            <li class=\"projects-completed-list__item\">\n                    <a href=\"https:\/\/lco-cdo.org\/fr\/projets\/personnes-agees\/\" class=\"projects-completed-list__link\">\n                        Personnes \u00e2g\u00e9es                                                    <span class=\"projects-completed-list__year\">\n                                (2012)\n                            <\/span>\n                                            <\/a>\n                <\/li>\n                                            <li class=\"projects-completed-list__item\">\n                    <a href=\"https:\/\/lco-cdo.org\/fr\/projets\/travailleurs-vulnerables-et-travail-precaire\/\" class=\"projects-completed-list__link\">\n                        Travailleurs vuln\u00e9rables et travail pr\u00e9caire                                                    <span class=\"projects-completed-list__year\">\n                                (2012)\n                            <\/span>\n                                            <\/a>\n                <\/li>\n                                            <li class=\"projects-completed-list__item\">\n                    <a href=\"https:\/\/lco-cdo.org\/fr\/projets\/modules-de-formation-sur-la-violence-faite-aux-femmes\/\" class=\"projects-completed-list__link\">\n                        Modules de formation sur la violence faite aux femmes                                                    <span class=\"projects-completed-list__year\">\n                                (2012)\n                            <\/span>\n                                            <\/a>\n                <\/li>\n                                            <li class=\"projects-completed-list__item\">\n                    <a href=\"https:\/\/lco-cdo.org\/fr\/projets\/personnes-handicapees\/\" class=\"projects-completed-list__link\">\n                        Personnes handicap\u00e9es                                                    <span class=\"projects-completed-list__year\">\n                                (2012)\n                            <\/span>\n                                            <\/a>\n                <\/li>\n                                            <li class=\"projects-completed-list__item\">\n                    <a href=\"https:\/\/lco-cdo.org\/fr\/projets\/infractions-provinciales\/\" class=\"projects-completed-list__link\">\n                        Infractions provinciales                                                    <span class=\"projects-completed-list__year\">\n                                (2011)\n                            <\/span>\n                                            <\/a>\n                <\/li>\n                                            <li class=\"projects-completed-list__item\">\n                    <a href=\"https:\/\/lco-cdo.org\/fr\/projets\/responsabilite-solidaire\/\" class=\"projects-completed-list__link\">\n                        Responsabilit\u00e9 solidaire                                                    <span class=\"projects-completed-list__year\">\n                                (2011)\n                            <\/span>\n                                            <\/a>\n                <\/li>\n                                            <li class=\"projects-completed-list__item\">\n                    <a href=\"https:\/\/lco-cdo.org\/fr\/projets\/partage-des-regimes-de-retraite-en-cas-dechec-du-mariage\/\" class=\"projects-completed-list__link\">\n                        Partage des r\u00e9gimes de retraite en cas d\u2019\u00e9chec du mariage                                                    <span class=\"projects-completed-list__year\">\n                                (2008)\n                            <\/span>\n                                            <\/a>\n                <\/li>\n                                            <li class=\"projects-completed-list__item\">\n                    <a href=\"https:\/\/lco-cdo.org\/fr\/projets\/frais-dencaissement-des-cheques-du-gouvernement\/\" class=\"projects-completed-list__link\">\n                        Frais d\u2019encaissement des ch\u00e8ques du gouvernement                                                    <span class=\"projects-completed-list__year\">\n                                (2008)\n                            <\/span>\n                                            <\/a>\n                <\/li>\n                    <\/ul>\n    <\/div>\n<\/div>\n\n\n\n<p style=\"padding-top:var(--wp--preset--spacing--small);padding-bottom:var(--wp--preset--spacing--small)\"><\/p>\n","protected":false},"excerpt":{"rendered":"<p>La r\u00e9forme du droit en action Des projets qui r\u00e9pondent aux d\u00e9fis d\u2019aujourd\u2019hui et guident l\u2019avenir de la justice Projets en cours Projets termin\u00e9s Ces projets ont publi\u00e9 leurs rapports finaux. L\u2019ann\u00e9e indiqu\u00e9e correspond \u00e0 la date de publication du rapport. Les activit\u00e9s de suivi varient selon les projets; la CDO peut offrir des conseils [&hellip;]<\/p>\n","protected":false},"author":3,"featured_media":0,"parent":0,"menu_order":0,"comment_status":"closed","ping_status":"closed","template":"no-title","meta":{"slim_seo":{"description":"R\u00e9forme du droit en action. Des projets qui r\u00e9pondent aux d\u00e9fis d\u2019aujourd\u2019hui et guident l\u2019avenir de la justice. D\u00e9couvrez nos projets pass\u00e9s et pr\u00e9sents.","title":"Projets - Commission du droit de l'Ontario"},"footnotes":""},"class_list":["post-1014","page","type-page","status-publish","hentry"],"meta_box":[],"_links":{"self":[{"href":"https:\/\/lco-cdo.org\/fr\/wp-json\/wp\/v2\/pages\/1014","targetHints":{"allow":["GET"]}}],"collection":[{"href":"https:\/\/lco-cdo.org\/fr\/wp-json\/wp\/v2\/pages"}],"about":[{"href":"https:\/\/lco-cdo.org\/fr\/wp-json\/wp\/v2\/types\/page"}],"author":[{"embeddable":true,"href":"https:\/\/lco-cdo.org\/fr\/wp-json\/wp\/v2\/users\/3"}],"replies":[{"embeddable":true,"href":"https:\/\/lco-cdo.org\/fr\/wp-json\/wp\/v2\/comments?post=1014"}],"version-history":[{"count":17,"href":"https:\/\/lco-cdo.org\/fr\/wp-json\/wp\/v2\/pages\/1014\/revisions"}],"predecessor-version":[{"id":3177,"href":"https:\/\/lco-cdo.org\/fr\/wp-json\/wp\/v2\/pages\/1014\/revisions\/3177"}],"wp:attachment":[{"href":"https:\/\/lco-cdo.org\/fr\/wp-json\/wp\/v2\/media?parent=1014"}],"curies":[{"name":"wp","href":"https:\/\/api.w.org\/{rel}","templated":true}]}}