{"id":1012,"date":"2025-10-11T17:30:49","date_gmt":"2025-10-11T17:30:49","guid":{"rendered":"https:\/\/lco-cdo.thedev.ca\/publications\/"},"modified":"2026-03-04T00:05:44","modified_gmt":"2026-03-04T00:05:44","slug":"publications","status":"publish","type":"page","link":"https:\/\/lco-cdo.org\/fr\/publications\/","title":{"rendered":"Publications"},"content":{"rendered":"\n<div class=\"wp-block-group alignwide has-contrast-background-color has-background has-global-padding is-content-justification-center is-layout-constrained wp-container-core-group-is-layout-25b7f25d wp-block-group-is-layout-constrained\" style=\"border-radius:8px;border-bottom-color:#2660A4;border-bottom-width:2px;min-height:300px;margin-top:0;margin-bottom:var(--wp--preset--spacing--medium);padding-top:var(--wp--preset--spacing--large);padding-right:var(--wp--preset--spacing--small);padding-bottom:var(--wp--preset--spacing--large);padding-left:var(--wp--preset--spacing--small)\">\n<div class=\"wp-block-group has-global-padding is-layout-constrained wp-block-group-is-layout-constrained\">\n<div class=\"wp-block-columns is-layout-flex wp-container-core-columns-is-layout-28f84493 wp-block-columns-is-layout-flex\">\n<div class=\"wp-block-column is-vertically-aligned-center is-layout-flow wp-block-column-is-layout-flow\">\n<h1 class=\"wp-block-heading has-text-align-center has-base-color has-text-color has-link-color has-max-60-font-size wp-elements-9e8735443f1e27e20b0f55909a72037a\">Des id\u00e9es qui ont un impact<\/h1>\n\n\n\n<p class=\"has-text-align-center has-base-color has-text-color has-link-color has-large-font-size wp-elements-0289478e81064334223a86ca270dfcc1\">Parcourez nos rapports, consultations et ressources de projet<\/p>\n<\/div>\n<\/div>\n<\/div>\n<\/div>\n\n\n\n<h2 class=\"wp-block-heading\">Filtrer les publications<\/h2>\n\n\n\n<div class=\"wp-block-group publication-search-form is-style-default has-global-padding is-content-justification-left is-layout-constrained wp-container-core-group-is-layout-385e1fed wp-block-group-is-layout-constrained\" style=\"margin-top:var(--wp--preset--spacing--x-small);margin-bottom:0;padding-top:0;padding-bottom:0\"><div class=\"facetwp-facet facetwp-facet-project facetwp-type-dropdown\" data-name=\"project\" data-type=\"dropdown\"><\/div>\n\n\n<div class=\"facetwp-facet facetwp-facet-report_type facetwp-type-dropdown\" data-name=\"report_type\" data-type=\"dropdown\"><\/div>\n\n\n<div class=\"facetwp-facet facetwp-facet-year facetwp-type-dropdown\" data-name=\"year\" data-type=\"dropdown\"><\/div>\n\n\n<div class=\"facetwp-facet facetwp-facet-sort_ facetwp-type-sort\" data-name=\"sort_\" data-type=\"sort\"><\/div>\n<\/div>\n\n\n\n<div class=\"wp-block-group publication-search-clear has-global-padding is-layout-constrained wp-container-core-group-is-layout-9a78b546 wp-block-group-is-layout-constrained\" style=\"margin-top:0;margin-bottom:var(--wp--preset--spacing--medium);padding-top:0;padding-bottom:0\"><div class=\"facetwp-facet facetwp-facet-clear_filters facetwp-type-reset\" data-name=\"clear_filters\" data-type=\"reset\"><\/div>\n<\/div>\n\n\n<div class=\"facetwp-template\" data-name=\"publications\">\n<h2 class=\"publication-search-total\">\n  <span class=\"results-label\">R\u00e9sultats :<\/span>\n  <span class=\"results-total\">143<\/span>\n  <span class=\"results-noun\">publications<\/span>\n<\/h2>\n\n      \n    <article class=\"publication-search-result\">\n              <div class=\"image-box\">\n          <a href=\"https:\/\/lco-cdo.org\/fr\/publications\/communication-de-la-cdo-au-sous-comite-sur-lintelligence-artificielle-du-comite-des-regles-civiles-addendum-sur-lia-et-la-partialite-memoire\/\">\n            <img decoding=\"async\" src=\"https:\/\/lco-cdo.org\/wp-content\/uploads\/Screenshot-2026-03-19-at-17.22.16-231x300.png\" alt=\"\">\n          <\/a>\n        <\/div>\n      \n      <div class=\"publication-info\">\n        <h2><a href=\"https:\/\/lco-cdo.org\/fr\/publications\/communication-de-la-cdo-au-sous-comite-sur-lintelligence-artificielle-du-comite-des-regles-civiles-addendum-sur-lia-et-la-partialite-memoire\/\">Communication de la CDO au sous-comit\u00e9 sur l\u2019intelligence artificielle du Comit\u00e9 des r\u00e8gles civiles, addenda sur l&rsquo;IA et la partialit\u00e9 | M\u00e9moire<\/a><\/h2>\n\n        <div class=\"publication-categories\">\n          <p>\n            <strong>Projet(s) :<\/strong>\n            R\u00e9glementation de l&#039;IA et droits de la personne          <\/p>\n\n          <p>\n            <strong>Type de document :<\/strong>\n            M\u00e9moire          <\/p>\n\n          <p>\n            <strong>Date de publication :<\/strong>\n            Mars 2026          <\/p>\n        <\/div>\n      <\/div>\n    <\/article>\n\n      \n    <article class=\"publication-search-result\">\n              <div class=\"image-box\">\n          <a href=\"https:\/\/lco-cdo.org\/fr\/publications\/utilisation-de-la-technologie-de-reconnaissance-faciale-par-les-forces-de-lordre-rapport-de-la-table-ronde-de-vancouver-rapport-datelier\/\">\n            <img decoding=\"async\" src=\"https:\/\/lco-cdo.org\/wp-content\/uploads\/Screenshot-2025-12-21-at-11.32.16-231x300.png\" alt=\"\">\n          <\/a>\n        <\/div>\n      \n      <div class=\"publication-info\">\n        <h2><a href=\"https:\/\/lco-cdo.org\/fr\/publications\/utilisation-de-la-technologie-de-reconnaissance-faciale-par-les-forces-de-lordre-rapport-de-la-table-ronde-de-vancouver-rapport-datelier\/\">Utilisation de la technologie de reconnaissance faciale par les forces de l&rsquo;ordre : Rapport de la table ronde de Vancouver | Rapport d&rsquo;atelier<\/a><\/h2>\n\n        <div class=\"publication-categories\">\n          <p>\n            <strong>Projet(s) :<\/strong>\n            IA dans la justice p\u00e9nale          <\/p>\n\n          <p>\n            <strong>Type de document :<\/strong>\n            Rapport d&#039;atelier          <\/p>\n\n          <p>\n            <strong>Date de publication :<\/strong>\n            D\u00e9cembre 2025          <\/p>\n        <\/div>\n      <\/div>\n    <\/article>\n\n      \n    <article class=\"publication-search-result\">\n              <div class=\"image-box\">\n          <a href=\"https:\/\/lco-cdo.org\/fr\/publications\/lintelligence-artificielle-comme-preuve-en-justice-penale-rapport-de-la-table-ronde-de-toronto-rapport-datelier\/\">\n            <img decoding=\"async\" src=\"https:\/\/lco-cdo.org\/wp-content\/uploads\/Screenshot-2025-12-21-at-11.28.27-232x300.png\" alt=\"\">\n          <\/a>\n        <\/div>\n      \n      <div class=\"publication-info\">\n        <h2><a href=\"https:\/\/lco-cdo.org\/fr\/publications\/lintelligence-artificielle-comme-preuve-en-justice-penale-rapport-de-la-table-ronde-de-toronto-rapport-datelier\/\">L\u2019intelligence artificielle comme preuve en justice p\u00e9nale : Rapport de la table ronde de Toronto | Rapport d\u2019atelier<\/a><\/h2>\n\n        <div class=\"publication-categories\">\n          <p>\n            <strong>Projet(s) :<\/strong>\n            IA dans la justice p\u00e9nale          <\/p>\n\n          <p>\n            <strong>Type de document :<\/strong>\n            Rapport d&#039;atelier          <\/p>\n\n          <p>\n            <strong>Date de publication :<\/strong>\n            D\u00e9cembre 2025          <\/p>\n        <\/div>\n      <\/div>\n    <\/article>\n\n      \n    <article class=\"publication-search-result\">\n              <div class=\"image-box\">\n          <a href=\"https:\/\/lco-cdo.org\/fr\/publications\/ameliorer-les-ordonnances-de-protection-dans-le-droit-de-la-famille-la-protection-de-lenfance-et-le-droit-civil\/\">\n            <img decoding=\"async\" src=\"https:\/\/lco-cdo.org\/wp-content\/uploads\/Screenshot-2025-12-11-at-12.59.28-232x300.png\" alt=\"\">\n          <\/a>\n        <\/div>\n      \n      <div class=\"publication-info\">\n        <h2><a href=\"https:\/\/lco-cdo.org\/fr\/publications\/ameliorer-les-ordonnances-de-protection-dans-le-droit-de-la-famille-la-protection-de-lenfance-et-le-droit-civil\/\">Am\u00e9liorer les ordonnances de protection dans le droit de la famille, la protection de l\u2019enfance et le droit civil | Document de consultation<\/a><\/h2>\n\n        <div class=\"publication-categories\">\n          <p>\n            <strong>Projet(s) :<\/strong>\n            Ordonnances de protection          <\/p>\n\n          <p>\n            <strong>Type de document :<\/strong>\n            Document de consultation          <\/p>\n\n          <p>\n            <strong>Date de publication :<\/strong>\n            D\u00e9cembre 2025          <\/p>\n        <\/div>\n      <\/div>\n    <\/article>\n\n      \n    <article class=\"publication-search-result\">\n              <div class=\"image-box\">\n          <a href=\"https:\/\/lco-cdo.org\/fr\/publications\/ameliorer-les-ordonnances-de-protection-dans-le-droit-de-la-famille-la-protection-de-lenfance-et-le-droit-civil-sommaire-du-document-de-consultation\/\">\n            <img decoding=\"async\" src=\"https:\/\/lco-cdo.org\/wp-content\/uploads\/Screenshot-2025-12-11-at-13.07.37-233x300.png\" alt=\"\">\n          <\/a>\n        <\/div>\n      \n      <div class=\"publication-info\">\n        <h2><a href=\"https:\/\/lco-cdo.org\/fr\/publications\/ameliorer-les-ordonnances-de-protection-dans-le-droit-de-la-famille-la-protection-de-lenfance-et-le-droit-civil-sommaire-du-document-de-consultation\/\">Am\u00e9liorer les ordonnances de protection dans le droit de la famille, la protection de l\u2019enfance et le droit civil | Sommaire du document de consultation<\/a><\/h2>\n\n        <div class=\"publication-categories\">\n          <p>\n            <strong>Projet(s) :<\/strong>\n            Ordonnances de protection          <\/p>\n\n          <p>\n            <strong>Type de document :<\/strong>\n            Sommaire          <\/p>\n\n          <p>\n            <strong>Date de publication :<\/strong>\n            D\u00e9cembre 2025          <\/p>\n        <\/div>\n      <\/div>\n    <\/article>\n\n      \n    <article class=\"publication-search-result\">\n              <div class=\"image-box\">\n          <a href=\"https:\/\/lco-cdo.org\/fr\/publications\/ameliorer-les-ordonnances-de-protection-dans-le-droit-de-la-famille-la-protection-de-lenfance-et-le-droit-civil-annexe-a\/\">\n            <img decoding=\"async\" src=\"https:\/\/lco-cdo.org\/wp-content\/uploads\/Screenshot-2025-12-11-at-13.15.52-231x300.png\" alt=\"\">\n          <\/a>\n        <\/div>\n      \n      <div class=\"publication-info\">\n        <h2><a href=\"https:\/\/lco-cdo.org\/fr\/publications\/ameliorer-les-ordonnances-de-protection-dans-le-droit-de-la-famille-la-protection-de-lenfance-et-le-droit-civil-annexe-a\/\">Am\u00e9liorer les ordonnances de protection dans le droit de la famille, la protection de l\u2019enfance et le droit civil | Annexe A<\/a><\/h2>\n\n        <div class=\"publication-categories\">\n          <p>\n            <strong>Projet(s) :<\/strong>\n            Ordonnances de protection          <\/p>\n\n          <p>\n            <strong>Type de document :<\/strong>\n            Annexe          <\/p>\n\n          <p>\n            <strong>Date de publication :<\/strong>\n            D\u00e9cembre 2025          <\/p>\n        <\/div>\n      <\/div>\n    <\/article>\n\n      \n    <article class=\"publication-search-result\">\n              <div class=\"image-box\">\n          <a href=\"https:\/\/lco-cdo.org\/fr\/publications\/communication-de-la-cdo-au-sprint-national-sur-la-strategie-canadienne-en-matiere-dia-memoire\/\">\n            <img decoding=\"async\" src=\"https:\/\/lco-cdo.org\/wp-content\/uploads\/Screenshot-2025-11-26-at-13.04.50-232x300.png\" alt=\"\">\n          <\/a>\n        <\/div>\n      \n      <div class=\"publication-info\">\n        <h2><a href=\"https:\/\/lco-cdo.org\/fr\/publications\/communication-de-la-cdo-au-sprint-national-sur-la-strategie-canadienne-en-matiere-dia-memoire\/\">Communication de la CDO au Sprint national sur la strat\u00e9gie canadienne en mati\u00e8re d\u2019IA | M\u00e9moire<\/a><\/h2>\n\n        <div class=\"publication-categories\">\n          <p>\n            <strong>Projet(s) :<\/strong>\n            R\u00e9glementation de l&#039;IA et droits de la personne          <\/p>\n\n          <p>\n            <strong>Type de document :<\/strong>\n            M\u00e9moire          <\/p>\n\n          <p>\n            <strong>Date de publication :<\/strong>\n            Octobre 2025          <\/p>\n        <\/div>\n      <\/div>\n    <\/article>\n\n      \n    <article class=\"publication-search-result\">\n              <div class=\"image-box\">\n          <a href=\"https:\/\/lco-cdo.org\/fr\/publications\/communication-de-la-cdo-au-sous-comite-sur-lintelligence-artificielle-du-comite-des-regles-civiles-memoire\/\">\n            <img decoding=\"async\" src=\"https:\/\/lco-cdo.org\/wp-content\/uploads\/Screenshot-2025-11-26-at-12.50.53-236x300.png\" alt=\"\">\n          <\/a>\n        <\/div>\n      \n      <div class=\"publication-info\">\n        <h2><a href=\"https:\/\/lco-cdo.org\/fr\/publications\/communication-de-la-cdo-au-sous-comite-sur-lintelligence-artificielle-du-comite-des-regles-civiles-memoire\/\">Communication de la CDO au sous-comit\u00e9 sur l&rsquo;intelligence artificielle du Comit\u00e9 des r\u00e8gles civiles | M\u00e9moire<\/a><\/h2>\n\n        <div class=\"publication-categories\">\n          <p>\n            <strong>Projet(s) :<\/strong>\n            R\u00e9glementation de l&#039;IA et droits de la personne          <\/p>\n\n          <p>\n            <strong>Type de document :<\/strong>\n            M\u00e9moire          <\/p>\n\n          <p>\n            <strong>Date de publication :<\/strong>\n            Septembre 2025          <\/p>\n        <\/div>\n      <\/div>\n    <\/article>\n\n      \n    <article class=\"publication-search-result\">\n              <div class=\"image-box\">\n          <a href=\"https:\/\/lco-cdo.org\/fr\/publications\/ia-dans-le-systeme-de-justice-penale-introduction-sommaire\/\">\n            <img decoding=\"async\" src=\"https:\/\/lco-cdo.org\/wp-content\/uploads\/2025\/07\/Screenshot-2025-04-22-at-09.53.07-233x300.png\" alt=\"\">\n          <\/a>\n        <\/div>\n      \n      <div class=\"publication-info\">\n        <h2><a href=\"https:\/\/lco-cdo.org\/fr\/publications\/ia-dans-le-systeme-de-justice-penale-introduction-sommaire\/\">L\u2019IA dans le syst\u00e8me de justice p\u00e9nale | Rapport 1 : Introduction et sommaire<\/a><\/h2>\n\n        <div class=\"publication-categories\">\n          <p>\n            <strong>Projet(s) :<\/strong>\n            IA dans la justice p\u00e9nale          <\/p>\n\n          <p>\n            <strong>Type de document :<\/strong>\n            Document de travail          <\/p>\n\n          <p>\n            <strong>Date de publication :<\/strong>\n            Avril 2025          <\/p>\n        <\/div>\n      <\/div>\n    <\/article>\n\n      \n    <article class=\"publication-search-result\">\n              <div class=\"image-box\">\n          <a href=\"https:\/\/lco-cdo.org\/fr\/publications\/ia-dans-le-systeme-de-justice-penale-utilisation-forces-ordre\/\">\n            <img decoding=\"async\" src=\"https:\/\/lco-cdo.org\/wp-content\/uploads\/2025\/08\/Screenshot-2025-08-03-at-13.01.26-230x300.png\" alt=\"\">\n          <\/a>\n        <\/div>\n      \n      <div class=\"publication-info\">\n        <h2><a href=\"https:\/\/lco-cdo.org\/fr\/publications\/ia-dans-le-systeme-de-justice-penale-utilisation-forces-ordre\/\">L\u2019IA dans le syst\u00e8me de justice p\u00e9nale | Rapport 2 : L\u2019utilisation de l\u2019IA par les forces de l\u2019ordre<\/a><\/h2>\n\n        <div class=\"publication-categories\">\n          <p>\n            <strong>Projet(s) :<\/strong>\n            IA dans la justice p\u00e9nale          <\/p>\n\n          <p>\n            <strong>Type de document :<\/strong>\n            Document de travail          <\/p>\n\n          <p>\n            <strong>Date de publication :<\/strong>\n            Avril 2025          <\/p>\n        <\/div>\n      <\/div>\n    <\/article>\n\n  \n<\/div>\n\n\n<div class=\"facetwp-facet facetwp-facet-page facetwp-type-pager\" data-name=\"page\" data-type=\"pager\"><\/div>\n\n\n\n<p><\/p>\n","protected":false},"excerpt":{"rendered":"<p>Des id\u00e9es qui ont un impact Parcourez nos rapports, consultations et ressources de projet Filtrer les publications<\/p>\n","protected":false},"author":3,"featured_media":0,"parent":0,"menu_order":0,"comment_status":"closed","ping_status":"closed","template":"no-title","meta":{"slim_seo":{"title":"Publications - Commission du droit de l'Ontario","description":"Des id\u00e9es qui ont un impact Parcourez nos rapports, consultations et ressources de projet Filtrer les publications"},"footnotes":""},"class_list":["post-1012","page","type-page","status-publish","hentry"],"meta_box":[],"_links":{"self":[{"href":"https:\/\/lco-cdo.org\/fr\/wp-json\/wp\/v2\/pages\/1012","targetHints":{"allow":["GET"]}}],"collection":[{"href":"https:\/\/lco-cdo.org\/fr\/wp-json\/wp\/v2\/pages"}],"about":[{"href":"https:\/\/lco-cdo.org\/fr\/wp-json\/wp\/v2\/types\/page"}],"author":[{"embeddable":true,"href":"https:\/\/lco-cdo.org\/fr\/wp-json\/wp\/v2\/users\/3"}],"replies":[{"embeddable":true,"href":"https:\/\/lco-cdo.org\/fr\/wp-json\/wp\/v2\/comments?post=1012"}],"version-history":[{"count":5,"href":"https:\/\/lco-cdo.org\/fr\/wp-json\/wp\/v2\/pages\/1012\/revisions"}],"predecessor-version":[{"id":3099,"href":"https:\/\/lco-cdo.org\/fr\/wp-json\/wp\/v2\/pages\/1012\/revisions\/3099"}],"wp:attachment":[{"href":"https:\/\/lco-cdo.org\/fr\/wp-json\/wp\/v2\/media?parent=1012"}],"curies":[{"name":"wp","href":"https:\/\/api.w.org\/{rel}","templated":true}]}}